{"id":289,"date":"2025-01-07T17:12:54","date_gmt":"2025-01-07T17:12:54","guid":{"rendered":"https:\/\/multicom.net\/?page_id=289"},"modified":"2025-11-26T19:37:01","modified_gmt":"2025-11-26T19:37:01","slug":"contato","status":"publish","type":"page","link":"https:\/\/multicom.net\/es\/contato\/","title":{"rendered":"Contacto"},"content":{"rendered":"<div data-elementor-type=\"wp-page\" data-elementor-id=\"289\" class=\"elementor elementor-289\" data-elementor-settings=\"{&quot;ha_cmc_init_switcher&quot;:&quot;no&quot;}\" data-elementor-post-type=\"page\">\n\t\t\t\t<div class=\"elementor-element elementor-element-97bf20e e-flex e-con-boxed e-con e-parent\" data-id=\"97bf20e\" data-element_type=\"container\" data-e-type=\"container\" data-settings=\"{&quot;background_background&quot;:&quot;classic&quot;,&quot;_ha_eqh_enable&quot;:false}\">\n\t\t\t\t\t<div class=\"e-con-inner\">\n\t\t<div class=\"elementor-element elementor-element-fc921ab e-con-full e-flex e-con e-child\" data-id=\"fc921ab\" data-element_type=\"container\" data-e-type=\"container\" data-settings=\"{&quot;background_background&quot;:&quot;classic&quot;,&quot;_ha_eqh_enable&quot;:false}\">\n\t\t<div class=\"elementor-element elementor-element-27bc2e2 e-con-full e-flex e-con e-child\" data-id=\"27bc2e2\" data-element_type=\"container\" data-e-type=\"container\" data-settings=\"{&quot;_ha_eqh_enable&quot;:false}\">\n\t\t<div class=\"elementor-element elementor-element-41576b3 e-con-full e-flex e-con e-child\" data-id=\"41576b3\" data-element_type=\"container\" data-e-type=\"container\" data-settings=\"{&quot;background_background&quot;:&quot;gradient&quot;,&quot;_ha_eqh_enable&quot;:false}\">\n\t\t\t\t<div class=\"elementor-element elementor-element-2254088 elementor-widget__width-auto elementor-widget elementor-widget-heading\" data-id=\"2254088\" data-element_type=\"widget\" data-e-type=\"widget\" data-widget_type=\"heading.default\">\n\t\t\t\t\t<p class=\"elementor-heading-title elementor-size-default\">Oportunidad<\/p>\t\t\t\t<\/div>\n\t\t\t\t<\/div>\n\t\t\t\t<div class=\"elementor-element elementor-element-005152c elementor-widget__width-initial elementor-widget elementor-widget-heading\" data-id=\"005152c\" data-element_type=\"widget\" data-e-type=\"widget\" data-widget_type=\"heading.default\">\n\t\t\t\t\t<h2 class=\"elementor-heading-title elementor-size-default\">Hable con nuestro equipo y descubra c\u00f3mo simplificar su gesti\u00f3n financiera con nuestras soluciones<\/h2>\t\t\t\t<\/div>\n\t\t\t\t<div class=\"elementor-element elementor-element-05e30c4 elementor-widget__width-auto elementor-widget-laptop__width-auto elementor-widget-mobile__width-auto elementor-widget elementor-widget-heading\" data-id=\"05e30c4\" data-element_type=\"widget\" data-e-type=\"widget\" data-widget_type=\"heading.default\">\n\t\t\t\t\t<p class=\"elementor-heading-title elementor-size-default\">P\u00f3ngase en contacto con nuestro equipo y vea c\u00f3mo nuestras soluciones pueden transformar las operaciones financieras de su empresa.<\/p>\t\t\t\t<\/div>\n\t\t<div class=\"elementor-element elementor-element-3644ae6 e-con-full e-flex e-con e-child\" data-id=\"3644ae6\" data-element_type=\"container\" data-e-type=\"container\" data-settings=\"{&quot;_ha_eqh_enable&quot;:false}\">\n\t\t\t\t<div class=\"elementor-element elementor-element-7962e69 elementor-widget__width-auto elementor-widget-mobile__width-auto elementor-widget elementor-widget-heading\" data-id=\"7962e69\" data-element_type=\"widget\" data-e-type=\"widget\" data-widget_type=\"heading.default\">\n\t\t\t\t\t<p class=\"elementor-heading-title elementor-size-default\"><span class=\"gradiente\">Complete el formulario<\/span><\/p>\t\t\t\t<\/div>\n\t\t\t\t<div class=\"elementor-element elementor-element-d26b833 e-transform elementor-invisible elementor-widget elementor-widget-image\" data-id=\"d26b833\" data-element_type=\"widget\" data-e-type=\"widget\" data-settings=\"{&quot;_transform_rotateZ_effect_tablet&quot;:{&quot;unit&quot;:&quot;deg&quot;,&quot;size&quot;:90,&quot;sizes&quot;:[]},&quot;_animation&quot;:&quot;fadeInLeft&quot;,&quot;_animation_tablet&quot;:&quot;fadeInDown&quot;,&quot;_transform_rotateZ_effect&quot;:{&quot;unit&quot;:&quot;px&quot;,&quot;size&quot;:&quot;&quot;,&quot;sizes&quot;:[]},&quot;_transform_rotateZ_effect_laptop&quot;:{&quot;unit&quot;:&quot;deg&quot;,&quot;size&quot;:&quot;&quot;,&quot;sizes&quot;:[]},&quot;_transform_rotateZ_effect_mobile&quot;:{&quot;unit&quot;:&quot;deg&quot;,&quot;size&quot;:&quot;&quot;,&quot;sizes&quot;:[]}}\" data-widget_type=\"image.default\">\n\t\t\t\t\t\t\t\t\t\t\t\t\t\t\t<img decoding=\"async\" width=\"11\" height=\"11\" src=\"https:\/\/multicom.net\/wp-content\/uploads\/2025\/01\/Group1160444282.svg\" class=\"attachment-large size-large wp-image-137\" alt=\"\" \/>\t\t\t\t\t\t\t\t\t\t\t\t\t\t\t<\/div>\n\t\t\t\t<\/div>\n\t\t\t\t<\/div>\n\t\t<div class=\"elementor-element elementor-element-e662b69 e-con-full e-flex e-con e-child\" data-id=\"e662b69\" data-element_type=\"container\" data-e-type=\"container\" data-settings=\"{&quot;_ha_eqh_enable&quot;:false}\">\n\t\t\t\t<div class=\"elementor-element elementor-element-5b58f4d elementor-button-align-stretch elementor-widget elementor-widget-form\" data-id=\"5b58f4d\" data-element_type=\"widget\" data-e-type=\"widget\" data-settings=\"{&quot;step_next_label&quot;:&quot;Next&quot;,&quot;step_previous_label&quot;:&quot;Previous&quot;,&quot;button_width&quot;:&quot;100&quot;,&quot;step_type&quot;:&quot;number_text&quot;,&quot;step_icon_shape&quot;:&quot;circle&quot;}\" data-widget_type=\"form.default\">\n\t\t\t\t\t\t\t<form class=\"elementor-form\" method=\"post\" name=\"New Form\" action=\"\">\n\t\t\t<input type=\"hidden\" name=\"post_id\" value=\"289\"\/>\n\t\t\t<input type=\"hidden\" name=\"form_id\" value=\"5b58f4d\"\/>\n\t\t\t<input type=\"hidden\" name=\"referer_title\" value=\"Multicom.net\" \/>\n\n\t\t\t\n\t\t\t<div class=\"elementor-form-fields-wrapper elementor-labels-above\">\n\t\t\t\t\t\t\t\t<div class=\"elementor-field-type-text elementor-field-group elementor-column elementor-field-group-nome elementor-col-100 elementor-field-required\">\n\t\t\t\t\t\t\t\t\t\t\t\t\t<input size=\"1\" type=\"text\" name=\"form_fields[nome]\" id=\"form-field-nome\" class=\"elementor-field elementor-size-lg  elementor-field-textual\" placeholder=\"Nombre\" required=\"required\">\n\t\t\t\t\t\t\t\t\t\t\t<\/div>\n\t\t\t\t\t\t\t\t<div class=\"elementor-field-type-text elementor-field-group elementor-column elementor-field-group-telefone elementor-col-100 elementor-field-required\">\n\t\t\t\t\t\t\t\t\t\t\t\t\t<input size=\"1\" type=\"text\" name=\"form_fields[telefone]\" id=\"form-field-telefone\" class=\"elementor-field elementor-size-lg  elementor-field-textual\" placeholder=\"Celular\" required=\"required\">\n\t\t\t\t\t\t\t\t\t\t\t<\/div>\n\t\t\t\t\t\t\t\t<div class=\"elementor-field-type-email elementor-field-group elementor-column elementor-field-group-email elementor-col-100 elementor-field-required\">\n\t\t\t\t\t\t\t\t\t\t\t\t\t<input size=\"1\" type=\"email\" name=\"form_fields[email]\" id=\"form-field-email\" class=\"elementor-field elementor-size-lg  elementor-field-textual\" placeholder=\"Correo electr\u00f3nico\" required=\"required\">\n\t\t\t\t\t\t\t\t\t\t\t<\/div>\n\t\t\t\t\t\t\t\t<div class=\"elementor-field-type-text elementor-field-group elementor-column elementor-field-group-empresa elementor-col-100 elementor-field-required\">\n\t\t\t\t\t\t\t\t\t\t\t\t\t<input size=\"1\" type=\"text\" name=\"form_fields[empresa]\" id=\"form-field-empresa\" class=\"elementor-field elementor-size-lg  elementor-field-textual\" placeholder=\"\u00bfCu\u00e1l es su empresa?\" required=\"required\">\n\t\t\t\t\t\t\t\t\t\t\t<\/div>\n\t\t\t\t\t\t\t\t<div class=\"elementor-field-type-text elementor-field-group elementor-column elementor-field-group-cargo elementor-col-100 elementor-field-required\">\n\t\t\t\t\t\t\t\t\t\t\t\t\t<input size=\"1\" type=\"text\" name=\"form_fields[cargo]\" id=\"form-field-cargo\" class=\"elementor-field elementor-size-lg  elementor-field-textual\" placeholder=\"\u00bfCu\u00e1l es su cargo?\" required=\"required\">\n\t\t\t\t\t\t\t\t\t\t\t<\/div>\n\t\t\t\t\t\t\t\t<div class=\"elementor-field-type-hidden elementor-field-group elementor-column elementor-field-group-link elementor-col-100\">\n\t\t\t\t\t\t\t\t\t\t\t\t\t<input size=\"1\" type=\"hidden\" name=\"form_fields[link]\" id=\"form-field-link\" class=\"elementor-field elementor-size-lg  elementor-field-textual\">\n\t\t\t\t\t\t\t\t\t\t\t<\/div>\n\t\t\t\t\t\t\t\t<div class=\"elementor-field-type-hidden elementor-field-group elementor-column elementor-field-group-field_d769072 elementor-col-100\">\n\t\t\t\t\t\t\t\t\t\t\t\t\t<input size=\"1\" type=\"hidden\" name=\"form_fields[field_d769072]\" id=\"form-field-field_d769072\" class=\"elementor-field elementor-size-lg  elementor-field-textual\" value=\"mayo 3, 2026 7:33 pm\">\n\t\t\t\t\t\t\t\t\t\t\t<\/div>\n\t\t\t\t\t\t\t\t<div class=\"elementor-field-group elementor-column elementor-field-type-submit elementor-col-100 e-form__buttons\">\n\t\t\t\t\t<button class=\"elementor-button elementor-size-lg\" type=\"submit\">\n\t\t\t\t\t\t<span class=\"elementor-button-content-wrapper\">\n\t\t\t\t\t\t\t\t\t\t\t\t\t\t\t\t\t\t\t\t\t\t<span class=\"elementor-button-text\">Enviar formulario<\/span>\n\t\t\t\t\t\t\t\t\t\t\t\t\t<\/span>\n\t\t\t\t\t<\/button>\n\t\t\t\t<\/div>\n\t\t\t<\/div>\n\t\t<input type=\"hidden\" name=\"trp-form-language\" value=\"es\"\/><\/form>\n\t\t\t\t\t\t<\/div>\n\t\t\t\t<\/div>\n\t\t\t\t<div class=\"elementor-element elementor-element-65096b4 elementor-absolute elementor-widget elementor-widget-html\" data-id=\"65096b4\" data-element_type=\"widget\" data-e-type=\"widget\" data-settings=\"{&quot;_position&quot;:&quot;absolute&quot;}\" data-widget_type=\"html.default\">\n\t\t\t\t\t<!-- Certifique-se de que o jQuery foi carregado -->\n<script src=\"https:\/\/code.jquery.com\/jquery-3.6.0.min.js\"><\/script>\n\n<script>\n  \/\/ Aguarda o carregamento completo do DOM antes de executar o c\u00f3digo\n  jQuery(document).ready(function() {\n\n    \/\/ Esconde o campo\n    jQuery('#form-field-link').hide();\n\n    \/\/ Define o valor do campo com a URL da p\u00e1gina\n    jQuery('#form-field-link').val(window.location.href);\n  });\n<\/script>\t\t\t\t<\/div>\n\t\t\t\t<\/div>\n\t\t\t\t\t<\/div>\n\t\t\t\t<\/div>\n\t\t\t\t<\/div>","protected":false},"excerpt":{"rendered":"<p>Oportunidade Fale com nosso time e descubra como simplificar sua gest\u00e3o financeira com nossas solu\u00e7\u00f5es Entre em contato com nossa equipe e veja como nossas solu\u00e7\u00f5es podem transformar as opera\u00e7\u00f5es financeiras da sua empresa. Preencha o formul\u00e1rio<\/p>","protected":false},"author":1,"featured_media":1069,"parent":0,"menu_order":0,"comment_status":"closed","ping_status":"closed","template":"elementor_header_footer","meta":{"footnotes":""},"class_list":["post-289","page","type-page","status-publish","has-post-thumbnail","hentry"],"yoast_head":"<!-- This site is optimized with the Yoast SEO plugin v27.4 - https:\/\/yoast.com\/product\/yoast-seo-wordpress\/ -->\n<title>Entre em Contato com a Multicom.net | Fale com um Especialista<\/title>\n<meta name=\"description\" content=\"Preencha o formul\u00e1rio e fale com nossos especialistas. Descubra como nossas solu\u00e7\u00f5es podem transformar sua gest\u00e3o financeira.\" \/>\n<meta name=\"robots\" content=\"index, follow, max-snippet:-1, max-image-preview:large, max-video-preview:-1\" \/>\n<link rel=\"canonical\" href=\"https:\/\/multicom.net\/es\/contato\/\" \/>\n<meta property=\"og:locale\" content=\"es_ES\" \/>\n<meta property=\"og:type\" content=\"article\" \/>\n<meta property=\"og:title\" content=\"Entre em Contato com a Multicom.net | Fale com um Especialista\" \/>\n<meta property=\"og:description\" content=\"Preencha o formul\u00e1rio e fale com nossos especialistas. Descubra como nossas solu\u00e7\u00f5es podem transformar sua gest\u00e3o financeira.\" \/>\n<meta property=\"og:url\" content=\"https:\/\/multicom.net\/es\/contato\/\" \/>\n<meta property=\"og:site_name\" content=\"Multicom.net\" \/>\n<meta property=\"article:modified_time\" content=\"2025-11-26T19:37:01+00:00\" \/>\n<meta property=\"og:image\" content=\"https:\/\/multicom.net\/wp-content\/uploads\/2025\/02\/Group-3.jpg\" \/>\n\t<meta property=\"og:image:width\" content=\"420\" \/>\n\t<meta property=\"og:image:height\" content=\"383\" \/>\n\t<meta property=\"og:image:type\" content=\"image\/jpeg\" \/>\n<meta name=\"twitter:card\" content=\"summary_large_image\" \/>\n<meta name=\"twitter:label1\" content=\"Tiempo de lectura\" \/>\n\t<meta name=\"twitter:data1\" content=\"1 minuto\" \/>\n<script type=\"application\/ld+json\" class=\"yoast-schema-graph\">{\"@context\":\"https:\\\/\\\/schema.org\",\"@graph\":[{\"@type\":\"WebPage\",\"@id\":\"https:\\\/\\\/multicom.net\\\/es\\\/contato\\\/\",\"url\":\"https:\\\/\\\/multicom.net\\\/es\\\/contato\\\/\",\"name\":\"Entre em Contato com a Multicom.net | Fale com um Especialista\",\"isPartOf\":{\"@id\":\"https:\\\/\\\/multicom.net\\\/es\\\/#website\"},\"primaryImageOfPage\":{\"@id\":\"https:\\\/\\\/multicom.net\\\/es\\\/contato\\\/#primaryimage\"},\"image\":{\"@id\":\"https:\\\/\\\/multicom.net\\\/es\\\/contato\\\/#primaryimage\"},\"thumbnailUrl\":\"https:\\\/\\\/multicom.net\\\/wp-content\\\/uploads\\\/2025\\\/02\\\/Group-3.jpg\",\"datePublished\":\"2025-01-07T17:12:54+00:00\",\"dateModified\":\"2025-11-26T19:37:01+00:00\",\"description\":\"Preencha o formul\u00e1rio e fale com nossos especialistas. Descubra como nossas solu\u00e7\u00f5es podem transformar sua gest\u00e3o financeira.\",\"breadcrumb\":{\"@id\":\"https:\\\/\\\/multicom.net\\\/es\\\/contato\\\/#breadcrumb\"},\"inLanguage\":\"es\",\"potentialAction\":[{\"@type\":\"ReadAction\",\"target\":[\"https:\\\/\\\/multicom.net\\\/es\\\/contato\\\/\"]}]},{\"@type\":\"ImageObject\",\"inLanguage\":\"es\",\"@id\":\"https:\\\/\\\/multicom.net\\\/es\\\/contato\\\/#primaryimage\",\"url\":\"https:\\\/\\\/multicom.net\\\/wp-content\\\/uploads\\\/2025\\\/02\\\/Group-3.jpg\",\"contentUrl\":\"https:\\\/\\\/multicom.net\\\/wp-content\\\/uploads\\\/2025\\\/02\\\/Group-3.jpg\",\"width\":420,\"height\":383},{\"@type\":\"BreadcrumbList\",\"@id\":\"https:\\\/\\\/multicom.net\\\/es\\\/contato\\\/#breadcrumb\",\"itemListElement\":[{\"@type\":\"ListItem\",\"position\":1,\"name\":\"In\u00edcio\",\"item\":\"https:\\\/\\\/multicom.net\\\/es\\\/\"},{\"@type\":\"ListItem\",\"position\":2,\"name\":\"Contato\"}]},{\"@type\":\"WebSite\",\"@id\":\"https:\\\/\\\/multicom.net\\\/es\\\/#website\",\"url\":\"https:\\\/\\\/multicom.net\\\/es\\\/\",\"name\":\"Multicom.net\",\"description\":\"\",\"potentialAction\":[{\"@type\":\"SearchAction\",\"target\":{\"@type\":\"EntryPoint\",\"urlTemplate\":\"https:\\\/\\\/multicom.net\\\/es\\\/?s={search_term_string}\"},\"query-input\":{\"@type\":\"PropertyValueSpecification\",\"valueRequired\":true,\"valueName\":\"search_term_string\"}}],\"inLanguage\":\"es\"}]}<\/script>\n<!-- \/ Yoast SEO plugin. -->","yoast_head_json":{"title":"Entre em Contato com a Multicom.net | Fale com um Especialista","description":"Preencha o formul\u00e1rio e fale com nossos especialistas. Descubra como nossas solu\u00e7\u00f5es podem transformar sua gest\u00e3o financeira.","robots":{"index":"index","follow":"follow","max-snippet":"max-snippet:-1","max-image-preview":"max-image-preview:large","max-video-preview":"max-video-preview:-1"},"canonical":"https:\/\/multicom.net\/es\/contato\/","og_locale":"es_ES","og_type":"article","og_title":"Entre em Contato com a Multicom.net | Fale com um Especialista","og_description":"Preencha o formul\u00e1rio e fale com nossos especialistas. Descubra como nossas solu\u00e7\u00f5es podem transformar sua gest\u00e3o financeira.","og_url":"https:\/\/multicom.net\/es\/contato\/","og_site_name":"Multicom.net","article_modified_time":"2025-11-26T19:37:01+00:00","og_image":[{"width":420,"height":383,"url":"https:\/\/multicom.net\/wp-content\/uploads\/2025\/02\/Group-3.jpg","type":"image\/jpeg"}],"twitter_card":"summary_large_image","twitter_misc":{"Tiempo de lectura":"1 minuto"},"schema":{"@context":"https:\/\/schema.org","@graph":[{"@type":"WebPage","@id":"https:\/\/multicom.net\/es\/contato\/","url":"https:\/\/multicom.net\/es\/contato\/","name":"Entre em Contato com a Multicom.net | Fale com um Especialista","isPartOf":{"@id":"https:\/\/multicom.net\/es\/#website"},"primaryImageOfPage":{"@id":"https:\/\/multicom.net\/es\/contato\/#primaryimage"},"image":{"@id":"https:\/\/multicom.net\/es\/contato\/#primaryimage"},"thumbnailUrl":"https:\/\/multicom.net\/wp-content\/uploads\/2025\/02\/Group-3.jpg","datePublished":"2025-01-07T17:12:54+00:00","dateModified":"2025-11-26T19:37:01+00:00","description":"Preencha o formul\u00e1rio e fale com nossos especialistas. Descubra como nossas solu\u00e7\u00f5es podem transformar sua gest\u00e3o financeira.","breadcrumb":{"@id":"https:\/\/multicom.net\/es\/contato\/#breadcrumb"},"inLanguage":"es","potentialAction":[{"@type":"ReadAction","target":["https:\/\/multicom.net\/es\/contato\/"]}]},{"@type":"ImageObject","inLanguage":"es","@id":"https:\/\/multicom.net\/es\/contato\/#primaryimage","url":"https:\/\/multicom.net\/wp-content\/uploads\/2025\/02\/Group-3.jpg","contentUrl":"https:\/\/multicom.net\/wp-content\/uploads\/2025\/02\/Group-3.jpg","width":420,"height":383},{"@type":"BreadcrumbList","@id":"https:\/\/multicom.net\/es\/contato\/#breadcrumb","itemListElement":[{"@type":"ListItem","position":1,"name":"In\u00edcio","item":"https:\/\/multicom.net\/es\/"},{"@type":"ListItem","position":2,"name":"Contato"}]},{"@type":"WebSite","@id":"https:\/\/multicom.net\/es\/#website","url":"https:\/\/multicom.net\/es\/","name":"Multicom.net","description":"","potentialAction":[{"@type":"SearchAction","target":{"@type":"EntryPoint","urlTemplate":"https:\/\/multicom.net\/es\/?s={search_term_string}"},"query-input":{"@type":"PropertyValueSpecification","valueRequired":true,"valueName":"search_term_string"}}],"inLanguage":"es"}]}},"_links":{"self":[{"href":"https:\/\/multicom.net\/es\/wp-json\/wp\/v2\/pages\/289","targetHints":{"allow":["GET"]}}],"collection":[{"href":"https:\/\/multicom.net\/es\/wp-json\/wp\/v2\/pages"}],"about":[{"href":"https:\/\/multicom.net\/es\/wp-json\/wp\/v2\/types\/page"}],"author":[{"embeddable":true,"href":"https:\/\/multicom.net\/es\/wp-json\/wp\/v2\/users\/1"}],"replies":[{"embeddable":true,"href":"https:\/\/multicom.net\/es\/wp-json\/wp\/v2\/comments?post=289"}],"version-history":[{"count":49,"href":"https:\/\/multicom.net\/es\/wp-json\/wp\/v2\/pages\/289\/revisions"}],"predecessor-version":[{"id":1330,"href":"https:\/\/multicom.net\/es\/wp-json\/wp\/v2\/pages\/289\/revisions\/1330"}],"wp:featuredmedia":[{"embeddable":true,"href":"https:\/\/multicom.net\/es\/wp-json\/wp\/v2\/media\/1069"}],"wp:attachment":[{"href":"https:\/\/multicom.net\/es\/wp-json\/wp\/v2\/media?parent=289"}],"curies":[{"name":"wp","href":"https:\/\/api.w.org\/{rel}","templated":true}]}}